{"id":688,"date":"2021-11-17T10:29:22","date_gmt":"2021-11-17T09:29:22","guid":{"rendered":"https:\/\/legrenierdelamarmotte.fr\/2021\/?page_id=688"},"modified":"2021-11-17T10:30:47","modified_gmt":"2021-11-17T09:30:47","slug":"mentions-legales","status":"publish","type":"page","link":"https:\/\/legrenierdelamarmotte.fr\/2021\/mentions-legales\/","title":{"rendered":"Mentions l\u00e9gales"},"content":{"rendered":"\n<p>Site Internet \u00e9dit\u00e9 par:<br>Monique Mathey<br>SIRET: 42988194900037<br>22, Avenue de Verdun<br>34120 P\u00e9zenas<br>06.88.02.11.82<br>amimo@free.fr<\/p>\n\n\n\n<p>Codirecteur de la publication:<br>Philippe Jaloux<br>SIRET:52506795500019<br><a href=\"http:\/\/www.genese-formation.fr\" target=\"_blank\" rel=\"noreferrer noopener\">Site Internet<\/a><\/p>\n\n\n\n<p><strong>H\u00e9bergement<\/strong><br>Ce site internet est h\u00e9berg\u00e9 par OVH<br>SAS au capital de 10 000 000 Euros RCS Roubaix . Tourcoing 424 761 419 00045<br>Code APE 6202A \u2013 N\u00b0 TVA : FR 22 424 761 419<br>Si\u00e8ge social : 2 rue Kellermann 59100 Roubaix \u2013 France.<\/p>\n","protected":false},"excerpt":{"rendered":"<p>Site Internet \u00e9dit\u00e9 par:Monique MatheySIRET: 4298819490003722, Avenue de Verdun34120 P\u00e9zenas06.88.02.11.82amimo@free.fr Codirecteur de la publication:Philippe JalouxSIRET:52506795500019Site Internet H\u00e9bergementCe site internet est h\u00e9berg\u00e9 par OVHSAS au capital de 10 000 000 Euros RCS Roubaix . Tourcoing 424 761 419 00045Code APE 6202A \u2013 N\u00b0 TVA : FR 22 424 761 419Si\u00e8ge social : 2 rue Kellermann 59100 &#8230; <a title=\"Mentions l\u00e9gales\" class=\"read-more\" href=\"https:\/\/legrenierdelamarmotte.fr\/2021\/mentions-legales\/\" aria-label=\"En savoir plus sur Mentions l\u00e9gales\">Lire la suite<\/a><\/p>\n","protected":false},"author":1,"featured_media":0,"parent":0,"menu_order":0,"comment_status":"closed","ping_status":"closed","template":"","meta":{"ngg_post_thumbnail":0},"acf":[],"yoast_head":"<!-- This site is optimized with the Yoast SEO plugin v17.6 - https:\/\/yoast.com\/wordpress\/plugins\/seo\/ -->\n<title>Mentions l\u00e9gales - Le Grenier de la Marmotte<\/title>\n<meta name=\"robots\" content=\"index, follow, max-snippet:-1, max-image-preview:large, max-video-preview:-1\" \/>\n<link rel=\"canonical\" href=\"https:\/\/legrenierdelamarmotte.fr\/2021\/mentions-legales\/\" \/>\n<meta property=\"og:locale\" content=\"fr_FR\" \/>\n<meta property=\"og:type\" content=\"article\" \/>\n<meta property=\"og:title\" content=\"Mentions l\u00e9gales - Le Grenier de la Marmotte\" \/>\n<meta property=\"og:description\" content=\"Site Internet \u00e9dit\u00e9 par:Monique MatheySIRET: 4298819490003722, Avenue de Verdun34120 P\u00e9zenas06.88.02.11.82amimo@free.fr Codirecteur de la publication:Philippe JalouxSIRET:52506795500019Site Internet H\u00e9bergementCe site internet est h\u00e9berg\u00e9 par OVHSAS au capital de 10 000 000 Euros RCS Roubaix . Tourcoing 424 761 419 00045Code APE 6202A \u2013 N\u00b0 TVA : FR 22 424 761 419Si\u00e8ge social : 2 rue Kellermann 59100 ... Lire la suite\" \/>\n<meta property=\"og:url\" content=\"https:\/\/legrenierdelamarmotte.fr\/2021\/mentions-legales\/\" \/>\n<meta property=\"og:site_name\" content=\"Le Grenier de la Marmotte\" \/>\n<meta property=\"article:modified_time\" content=\"2021-11-17T09:30:47+00:00\" \/>\n<meta name=\"twitter:card\" content=\"summary_large_image\" \/>\n<script type=\"application\/ld+json\" class=\"yoast-schema-graph\">{\"@context\":\"https:\/\/schema.org\",\"@graph\":[{\"@type\":\"WebSite\",\"@id\":\"https:\/\/legrenierdelamarmotte.fr\/2021\/#website\",\"url\":\"https:\/\/legrenierdelamarmotte.fr\/2021\/\",\"name\":\"Le Grenier de la Marmotte\",\"description\":\"Tapissier \\u00e0 P\\u00e9zenas\",\"potentialAction\":[{\"@type\":\"SearchAction\",\"target\":{\"@type\":\"EntryPoint\",\"urlTemplate\":\"https:\/\/legrenierdelamarmotte.fr\/2021\/?s={search_term_string}\"},\"query-input\":\"required name=search_term_string\"}],\"inLanguage\":\"fr-FR\"},{\"@type\":\"WebPage\",\"@id\":\"https:\/\/legrenierdelamarmotte.fr\/2021\/mentions-legales\/#webpage\",\"url\":\"https:\/\/legrenierdelamarmotte.fr\/2021\/mentions-legales\/\",\"name\":\"Mentions l\\u00e9gales - Le Grenier de la Marmotte\",\"isPartOf\":{\"@id\":\"https:\/\/legrenierdelamarmotte.fr\/2021\/#website\"},\"datePublished\":\"2021-11-17T09:29:22+00:00\",\"dateModified\":\"2021-11-17T09:30:47+00:00\",\"breadcrumb\":{\"@id\":\"https:\/\/legrenierdelamarmotte.fr\/2021\/mentions-legales\/#breadcrumb\"},\"inLanguage\":\"fr-FR\",\"potentialAction\":[{\"@type\":\"ReadAction\",\"target\":[\"https:\/\/legrenierdelamarmotte.fr\/2021\/mentions-legales\/\"]}]},{\"@type\":\"BreadcrumbList\",\"@id\":\"https:\/\/legrenierdelamarmotte.fr\/2021\/mentions-legales\/#breadcrumb\",\"itemListElement\":[{\"@type\":\"ListItem\",\"position\":1,\"name\":\"Accueil\",\"item\":\"https:\/\/legrenierdelamarmotte.fr\/2021\/\"},{\"@type\":\"ListItem\",\"position\":2,\"name\":\"Mentions l\\u00e9gales\"}]}]}<\/script>\n<!-- \/ Yoast SEO plugin. -->","yoast_head_json":{"title":"Mentions l\u00e9gales - Le Grenier de la Marmotte","robots":{"index":"index","follow":"follow","max-snippet":"max-snippet:-1","max-image-preview":"max-image-preview:large","max-video-preview":"max-video-preview:-1"},"canonical":"https:\/\/legrenierdelamarmotte.fr\/2021\/mentions-legales\/","og_locale":"fr_FR","og_type":"article","og_title":"Mentions l\u00e9gales - Le Grenier de la Marmotte","og_description":"Site Internet \u00e9dit\u00e9 par:Monique MatheySIRET: 4298819490003722, Avenue de Verdun34120 P\u00e9zenas06.88.02.11.82amimo@free.fr Codirecteur de la publication:Philippe JalouxSIRET:52506795500019Site Internet H\u00e9bergementCe site internet est h\u00e9berg\u00e9 par OVHSAS au capital de 10 000 000 Euros RCS Roubaix . Tourcoing 424 761 419 00045Code APE 6202A \u2013 N\u00b0 TVA : FR 22 424 761 419Si\u00e8ge social : 2 rue Kellermann 59100 ... Lire la suite","og_url":"https:\/\/legrenierdelamarmotte.fr\/2021\/mentions-legales\/","og_site_name":"Le Grenier de la Marmotte","article_modified_time":"2021-11-17T09:30:47+00:00","twitter_card":"summary_large_image","schema":{"@context":"https:\/\/schema.org","@graph":[{"@type":"WebSite","@id":"https:\/\/legrenierdelamarmotte.fr\/2021\/#website","url":"https:\/\/legrenierdelamarmotte.fr\/2021\/","name":"Le Grenier de la Marmotte","description":"Tapissier \u00e0 P\u00e9zenas","potentialAction":[{"@type":"SearchAction","target":{"@type":"EntryPoint","urlTemplate":"https:\/\/legrenierdelamarmotte.fr\/2021\/?s={search_term_string}"},"query-input":"required name=search_term_string"}],"inLanguage":"fr-FR"},{"@type":"WebPage","@id":"https:\/\/legrenierdelamarmotte.fr\/2021\/mentions-legales\/#webpage","url":"https:\/\/legrenierdelamarmotte.fr\/2021\/mentions-legales\/","name":"Mentions l\u00e9gales - Le Grenier de la Marmotte","isPartOf":{"@id":"https:\/\/legrenierdelamarmotte.fr\/2021\/#website"},"datePublished":"2021-11-17T09:29:22+00:00","dateModified":"2021-11-17T09:30:47+00:00","breadcrumb":{"@id":"https:\/\/legrenierdelamarmotte.fr\/2021\/mentions-legales\/#breadcrumb"},"inLanguage":"fr-FR","potentialAction":[{"@type":"ReadAction","target":["https:\/\/legrenierdelamarmotte.fr\/2021\/mentions-legales\/"]}]},{"@type":"BreadcrumbList","@id":"https:\/\/legrenierdelamarmotte.fr\/2021\/mentions-legales\/#breadcrumb","itemListElement":[{"@type":"ListItem","position":1,"name":"Accueil","item":"https:\/\/legrenierdelamarmotte.fr\/2021\/"},{"@type":"ListItem","position":2,"name":"Mentions l\u00e9gales"}]}]}},"_links":{"self":[{"href":"https:\/\/legrenierdelamarmotte.fr\/2021\/wp-json\/wp\/v2\/pages\/688"}],"collection":[{"href":"https:\/\/legrenierdelamarmotte.fr\/2021\/wp-json\/wp\/v2\/pages"}],"about":[{"href":"https:\/\/legrenierdelamarmotte.fr\/2021\/wp-json\/wp\/v2\/types\/page"}],"author":[{"embeddable":true,"href":"https:\/\/legrenierdelamarmotte.fr\/2021\/wp-json\/wp\/v2\/users\/1"}],"replies":[{"embeddable":true,"href":"https:\/\/legrenierdelamarmotte.fr\/2021\/wp-json\/wp\/v2\/comments?post=688"}],"version-history":[{"count":3,"href":"https:\/\/legrenierdelamarmotte.fr\/2021\/wp-json\/wp\/v2\/pages\/688\/revisions"}],"predecessor-version":[{"id":691,"href":"https:\/\/legrenierdelamarmotte.fr\/2021\/wp-json\/wp\/v2\/pages\/688\/revisions\/691"}],"wp:attachment":[{"href":"https:\/\/legrenierdelamarmotte.fr\/2021\/wp-json\/wp\/v2\/media?parent=688"}],"curies":[{"name":"wp","href":"https:\/\/api.w.org\/{rel}","templated":true}]}}